{"id":120,"date":"2010-12-29T16:53:13","date_gmt":"2010-12-29T15:53:13","guid":{"rendered":"http:\/\/www.vancouver-nights.de\/?page_id=120"},"modified":"2020-04-20T15:22:00","modified_gmt":"2020-04-20T15:22:00","slug":"korbinian","status":"publish","type":"page","link":"http:\/\/www.vancouver-nights.de\/vcn-gala\/?page_id=120","title":{"rendered":"Korbinian (Schlagzeug)"},"content":{"rendered":"\n\n\n<div class=\"ngg-galleryoverview ngg-slideshow\"\n\t id=\"ngg-slideshow-5002c7ec626b42a2765c3fc2e856d43f-1400815810\"\n     data-gallery-id=\"5002c7ec626b42a2765c3fc2e856d43f\"\n     style=\"max-width: 600px; max-height: 600px;\">\n\n \t<div id=\"ngg-image-0\" class=\"ngg-gallery-slideshow-image\" style=\"height:600px\">\n\n        <a href=\"http:\/\/www.vancouver-nights.de\/vcn-gala\/wp-content\/gallery\/rotation-kurbe\/Kurbe-2020.JPG\"\n           title=\"\"\n           data-src=\"http:\/\/www.vancouver-nights.de\/vcn-gala\/wp-content\/gallery\/rotation-kurbe\/Kurbe-2020.JPG\"\n           data-thumbnail=\"http:\/\/www.vancouver-nights.de\/vcn-gala\/wp-content\/gallery\/rotation-kurbe\/thumbs\/thumbs_Kurbe-2020.JPG\"\n           data-image-id=\"423\"\n           data-title=\"Kurbe-2020\"\n           data-description=\"\"\n           class=\"shutterset_5002c7ec626b42a2765c3fc2e856d43f\">\n\n            <img data-image-id='423'\n                 title=\"\"\n                 alt=\"Kurbe-2020\"\n                 src=\"http:\/\/www.vancouver-nights.de\/vcn-gala\/wp-content\/gallery\/rotation-kurbe\/Kurbe-2020.JPG\"\n                 style=\"max-height: 580px;\"\/>\n        <\/a>\n\n        <\/div> \n<div id=\"ngg-image-1\" class=\"ngg-gallery-slideshow-image\" style=\"height:600px\">\n\n        <a href=\"http:\/\/www.vancouver-nights.de\/vcn-gala\/wp-content\/gallery\/rotation-kurbe\/Web-Kurbe2.JPG\"\n           title=\"\"\n           data-src=\"http:\/\/www.vancouver-nights.de\/vcn-gala\/wp-content\/gallery\/rotation-kurbe\/Web-Kurbe2.JPG\"\n           data-thumbnail=\"http:\/\/www.vancouver-nights.de\/vcn-gala\/wp-content\/gallery\/rotation-kurbe\/thumbs\/thumbs_Web-Kurbe2.JPG\"\n           data-image-id=\"424\"\n           data-title=\"Web-Kurbe2\"\n           data-description=\"\"\n           class=\"shutterset_5002c7ec626b42a2765c3fc2e856d43f\">\n\n            <img data-image-id='424'\n                 title=\"\"\n                 alt=\"Web-Kurbe2\"\n                 src=\"http:\/\/www.vancouver-nights.de\/vcn-gala\/wp-content\/gallery\/rotation-kurbe\/Web-Kurbe2.JPG\"\n                 style=\"max-height: 580px;\"\/>\n        <\/a>\n\n        <\/div> \n<\/div>\n\n\n\n\n\n\n\n<p>Unser Korbinian sorgt bei uns f\u00fcr den richtigen Beat und ist f\u00fcr alles zust\u00e4ndig, was nicht an eine feste Tonart gebunden ist.<\/p>\n\n\n\n<p>Als&nbsp;Schlagzeuger mit Leib und Seele ist er unter anderem&nbsp;fester Bestandteil der <a href=\"http:\/\/www.blaskapelle-badwiessee.de\" target=\"_blank\" rel=\"noopener noreferrer\">Blaskapelle Bad Wiessee <\/a>und dar\u00fcberhinaus auch&nbsp;als Rock-Schlagzeuger in der bayerischen Rockcoverszene aktiv.<\/p>\n\n\n\n<p>Korbinian hat Erfahrungen mit Auslandsauftritten in Japan, USA, Brasilien, Afrika, China und im europ\u00e4ischen Ausland und ist als Aushilfsschlagzeuger regelm\u00e4ssig in den Landkreisen GAP, WM und T\u00d6L unterwegs.<\/p>\n","protected":false},"excerpt":{"rendered":"<p>Unser Korbinian sorgt bei uns f\u00fcr den richtigen Beat und ist f\u00fcr alles zust\u00e4ndig, was nicht an eine feste Tonart gebunden ist. Als&nbsp;Schlagzeuger mit Leib und Seele ist er unter anderem&nbsp;fester Bestandteil der Blaskapelle Bad Wiessee und dar\u00fcberhinaus auch&nbsp;als Rock-Schlagzeuger in der bayerischen Rockcoverszene aktiv. Korbinian hat Erfahrungen mit Auslandsauftritten in Japan, USA, Brasilien, Afrika, &hellip; <\/p>\n<p><a class=\"more-link btn\" href=\"http:\/\/www.vancouver-nights.de\/vcn-gala\/?page_id=120\">Weiterlesen<\/a><\/p>\n","protected":false},"author":1,"featured_media":0,"parent":7,"menu_order":5,"comment_status":"closed","ping_status":"closed","template":"","meta":{"ngg_post_thumbnail":0},"_links":{"self":[{"href":"http:\/\/www.vancouver-nights.de\/vcn-gala\/index.php?rest_route=\/wp\/v2\/pages\/120"}],"collection":[{"href":"http:\/\/www.vancouver-nights.de\/vcn-gala\/index.php?rest_route=\/wp\/v2\/pages"}],"about":[{"href":"http:\/\/www.vancouver-nights.de\/vcn-gala\/index.php?rest_route=\/wp\/v2\/types\/page"}],"author":[{"embeddable":true,"href":"http:\/\/www.vancouver-nights.de\/vcn-gala\/index.php?rest_route=\/wp\/v2\/users\/1"}],"replies":[{"embeddable":true,"href":"http:\/\/www.vancouver-nights.de\/vcn-gala\/index.php?rest_route=%2Fwp%2Fv2%2Fcomments&post=120"}],"version-history":[{"count":10,"href":"http:\/\/www.vancouver-nights.de\/vcn-gala\/index.php?rest_route=\/wp\/v2\/pages\/120\/revisions"}],"predecessor-version":[{"id":1115,"href":"http:\/\/www.vancouver-nights.de\/vcn-gala\/index.php?rest_route=\/wp\/v2\/pages\/120\/revisions\/1115"}],"up":[{"embeddable":true,"href":"http:\/\/www.vancouver-nights.de\/vcn-gala\/index.php?rest_route=\/wp\/v2\/pages\/7"}],"wp:attachment":[{"href":"http:\/\/www.vancouver-nights.de\/vcn-gala\/index.php?rest_route=%2Fwp%2Fv2%2Fmedia&parent=120"}],"curies":[{"name":"wp","href":"https:\/\/api.w.org\/{rel}","templated":true}]}}