{"id":124,"date":"2010-12-29T16:53:58","date_gmt":"2010-12-29T16:53:58","guid":{"rendered":"http:\/\/www.vancouver-nights.de\/?page_id=124"},"modified":"2020-04-20T15:23:01","modified_gmt":"2020-04-20T15:23:01","slug":"carmen","status":"publish","type":"page","link":"http:\/\/www.vancouver-nights.de\/vcn-gala\/?page_id=124","title":{"rendered":"Nikolaus (Bass)"},"content":{"rendered":"\n\n\n<div class=\"ngg-galleryoverview ngg-slideshow\"\n\t id=\"ngg-slideshow-49a0d6580cb6ae0388f3ff8d28c1b611-14406219570\"\n     data-gallery-id=\"49a0d6580cb6ae0388f3ff8d28c1b611\"\n     style=\"max-width: 600px; max-height: 600px;\">\n\n \t<div id=\"ngg-image-0\" class=\"ngg-gallery-slideshow-image\" style=\"height:600px\">\n\n        <a href=\"http:\/\/www.vancouver-nights.de\/vcn-gala\/wp-content\/gallery\/rotation-nik\/Nikolaus-2020.JPG\"\n           title=\"\"\n           data-src=\"http:\/\/www.vancouver-nights.de\/vcn-gala\/wp-content\/gallery\/rotation-nik\/Nikolaus-2020.JPG\"\n           data-thumbnail=\"http:\/\/www.vancouver-nights.de\/vcn-gala\/wp-content\/gallery\/rotation-nik\/thumbs\/thumbs_Nikolaus-2020.JPG\"\n           data-image-id=\"427\"\n           data-title=\"Nikolaus-2020\"\n           data-description=\"\"\n           class=\"shutterset_49a0d6580cb6ae0388f3ff8d28c1b611\">\n\n            <img data-image-id='427'\n                 title=\"\"\n                 alt=\"Nikolaus-2020\"\n                 src=\"http:\/\/www.vancouver-nights.de\/vcn-gala\/wp-content\/gallery\/rotation-nik\/Nikolaus-2020.JPG\"\n                 style=\"max-height: 580px;\"\/>\n        <\/a>\n\n        <\/div> \n<div id=\"ngg-image-1\" class=\"ngg-gallery-slideshow-image\" style=\"height:600px\">\n\n        <a href=\"http:\/\/www.vancouver-nights.de\/vcn-gala\/wp-content\/gallery\/rotation-nik\/Web-Nik2.JPG\"\n           title=\"\"\n           data-src=\"http:\/\/www.vancouver-nights.de\/vcn-gala\/wp-content\/gallery\/rotation-nik\/Web-Nik2.JPG\"\n           data-thumbnail=\"http:\/\/www.vancouver-nights.de\/vcn-gala\/wp-content\/gallery\/rotation-nik\/thumbs\/thumbs_Web-Nik2.JPG\"\n           data-image-id=\"428\"\n           data-title=\"Web-Nik2\"\n           data-description=\"\"\n           class=\"shutterset_49a0d6580cb6ae0388f3ff8d28c1b611\">\n\n            <img data-image-id='428'\n                 title=\"\"\n                 alt=\"Web-Nik2\"\n                 src=\"http:\/\/www.vancouver-nights.de\/vcn-gala\/wp-content\/gallery\/rotation-nik\/Web-Nik2.JPG\"\n                 style=\"max-height: 580px;\"\/>\n        <\/a>\n\n        <\/div> \n<\/div>\n\n\n\n\n\n\n\n<p>Nikolaus ist der Mann der tiefen T\u00f6ne. Mit seinem Bass bildet er zusammen mit Korbinian unsere &#8222;Dream-Rhythm&#8220;-Fraktion.<\/p>\n\n\n\n<p>Mit \u00fcber 20 Jahren B\u00fchnenerfahrung, u.a. bei der Lounge\/Jazz\/Latino Gruppe <a href=\"http:\/\/www.punkt-vier-music.de\" target=\"_blank\" rel=\"noopener noreferrer\">&#8222;Punkt 4&#8220;<\/a> und der bekannten&nbsp;Coverband &#8222;Overnight Sensation&#8220; ist er&nbsp;offiziell unser &#8222;Dienst\u00e4ltester&#8220; und auf allen B\u00fchnen Bayerns&nbsp;zu Hause.<\/p>\n","protected":false},"excerpt":{"rendered":"<p>Nikolaus ist der Mann der tiefen T\u00f6ne. Mit seinem Bass bildet er zusammen mit Korbinian unsere &#8222;Dream-Rhythm&#8220;-Fraktion. Mit \u00fcber 20 Jahren B\u00fchnenerfahrung, u.a. bei der Lounge\/Jazz\/Latino Gruppe &#8222;Punkt 4&#8220; und der bekannten&nbsp;Coverband &#8222;Overnight Sensation&#8220; ist er&nbsp;offiziell unser &#8222;Dienst\u00e4ltester&#8220; und auf allen B\u00fchnen Bayerns&nbsp;zu Hause.<\/p>\n","protected":false},"author":1,"featured_media":0,"parent":7,"menu_order":4,"comment_status":"closed","ping_status":"closed","template":"","meta":{"ngg_post_thumbnail":0},"_links":{"self":[{"href":"http:\/\/www.vancouver-nights.de\/vcn-gala\/index.php?rest_route=\/wp\/v2\/pages\/124"}],"collection":[{"href":"http:\/\/www.vancouver-nights.de\/vcn-gala\/index.php?rest_route=\/wp\/v2\/pages"}],"about":[{"href":"http:\/\/www.vancouver-nights.de\/vcn-gala\/index.php?rest_route=\/wp\/v2\/types\/page"}],"author":[{"embeddable":true,"href":"http:\/\/www.vancouver-nights.de\/vcn-gala\/index.php?rest_route=\/wp\/v2\/users\/1"}],"replies":[{"embeddable":true,"href":"http:\/\/www.vancouver-nights.de\/vcn-gala\/index.php?rest_route=%2Fwp%2Fv2%2Fcomments&post=124"}],"version-history":[{"count":8,"href":"http:\/\/www.vancouver-nights.de\/vcn-gala\/index.php?rest_route=\/wp\/v2\/pages\/124\/revisions"}],"predecessor-version":[{"id":1117,"href":"http:\/\/www.vancouver-nights.de\/vcn-gala\/index.php?rest_route=\/wp\/v2\/pages\/124\/revisions\/1117"}],"up":[{"embeddable":true,"href":"http:\/\/www.vancouver-nights.de\/vcn-gala\/index.php?rest_route=\/wp\/v2\/pages\/7"}],"wp:attachment":[{"href":"http:\/\/www.vancouver-nights.de\/vcn-gala\/index.php?rest_route=%2Fwp%2Fv2%2Fmedia&parent=124"}],"curies":[{"name":"wp","href":"https:\/\/api.w.org\/{rel}","templated":true}]}}