{"id":129,"date":"2010-12-29T16:54:42","date_gmt":"2010-12-29T16:54:42","guid":{"rendered":"http:\/\/www.vancouver-nights.de\/?page_id=129"},"modified":"2020-04-20T15:24:34","modified_gmt":"2020-04-20T15:24:34","slug":"alexander","status":"publish","type":"page","link":"http:\/\/www.vancouver-nights.de\/vcn-gala\/?page_id=129","title":{"rendered":"Alexander (Keyboard)"},"content":{"rendered":"\n\n\n<div class=\"ngg-galleryoverview ngg-slideshow\"\n\t id=\"ngg-slideshow-1c8e421a754a570eede30db7c01c7060-2403218310\"\n     data-gallery-id=\"1c8e421a754a570eede30db7c01c7060\"\n     style=\"max-width: 600px; max-height: 600px;\">\n\n \t<div id=\"ngg-image-0\" class=\"ngg-gallery-slideshow-image\" style=\"height:600px\">\n\n        <a href=\"http:\/\/www.vancouver-nights.de\/vcn-gala\/wp-content\/gallery\/rotation-alex\/Alex-2020.JPG\"\n           title=\"\"\n           data-src=\"http:\/\/www.vancouver-nights.de\/vcn-gala\/wp-content\/gallery\/rotation-alex\/Alex-2020.JPG\"\n           data-thumbnail=\"http:\/\/www.vancouver-nights.de\/vcn-gala\/wp-content\/gallery\/rotation-alex\/thumbs\/thumbs_Alex-2020.JPG\"\n           data-image-id=\"429\"\n           data-title=\"Alex-2020\"\n           data-description=\"\"\n           class=\"shutterset_1c8e421a754a570eede30db7c01c7060\">\n\n            <img data-image-id='429'\n                 title=\"\"\n                 alt=\"Alex-2020\"\n                 src=\"http:\/\/www.vancouver-nights.de\/vcn-gala\/wp-content\/gallery\/rotation-alex\/Alex-2020.JPG\"\n                 style=\"max-height: 580px;\"\/>\n        <\/a>\n\n        <\/div> \n<div id=\"ngg-image-1\" class=\"ngg-gallery-slideshow-image\" style=\"height:600px\">\n\n        <a href=\"http:\/\/www.vancouver-nights.de\/vcn-gala\/wp-content\/gallery\/rotation-alex\/Web-Alex.JPG\"\n           title=\"\"\n           data-src=\"http:\/\/www.vancouver-nights.de\/vcn-gala\/wp-content\/gallery\/rotation-alex\/Web-Alex.JPG\"\n           data-thumbnail=\"http:\/\/www.vancouver-nights.de\/vcn-gala\/wp-content\/gallery\/rotation-alex\/thumbs\/thumbs_Web-Alex.JPG\"\n           data-image-id=\"430\"\n           data-title=\"Web-Alex\"\n           data-description=\"\"\n           class=\"shutterset_1c8e421a754a570eede30db7c01c7060\">\n\n            <img data-image-id='430'\n                 title=\"\"\n                 alt=\"Web-Alex\"\n                 src=\"http:\/\/www.vancouver-nights.de\/vcn-gala\/wp-content\/gallery\/rotation-alex\/Web-Alex.JPG\"\n                 style=\"max-height: 580px;\"\/>\n        <\/a>\n\n        <\/div> \n<\/div>\n\n\n\n\n\n\n\n<p>Unser Alexander sorgt auf Klavier, Keyboard und Akkordeon f\u00fcr den richtigen Tastensound und hat sein K\u00f6nnen schon bei den verschiedensten Formationen unter Beweis gestellt.<\/p>\n\n\n\n<p>Zus\u00e4tzlich zu Vancouver Nights ist Alexander auch noch mit der Oldie-Band <a href=\"https:\/\/www.facebook.com\/thefinerosenheim\" target=\"_blank\" rel=\"noopener noreferrer\">&#8222;The Fine&#8220;<\/a> unterwegs.<\/p>\n\n\n\n<p>Ganz nebenbei macht Alexander noch eine wunderbare Jerry Lee Lewis \u2013 Imitation.<span id=\"_marker\"> <\/span><span style=\"line-height: 115%; font-family: &amp;amp; quot; font-size: 11pt; mso-ascii-theme-font: minor-latin; mso-fareast-font-family: Calibri; mso-fareast-theme-font: minor-latin; mso-hansi-theme-font: minor-latin; mso-bidi-font-family: 'Times New Roman'; mso-bidi-theme-font: minor-bidi; mso-ansi-language: DE; mso-fareast-language: EN-US; mso-bidi-language: AR-SA;\">.<\/span><\/p>\n","protected":false},"excerpt":{"rendered":"<p>Unser Alexander sorgt auf Klavier, Keyboard und Akkordeon f\u00fcr den richtigen Tastensound und hat sein K\u00f6nnen schon bei den verschiedensten Formationen unter Beweis gestellt. Zus\u00e4tzlich zu Vancouver Nights ist Alexander auch noch mit der Oldie-Band &#8222;The Fine&#8220; unterwegs. Ganz nebenbei macht Alexander noch eine wunderbare Jerry Lee Lewis \u2013 Imitation. .<\/p>\n","protected":false},"author":1,"featured_media":0,"parent":7,"menu_order":3,"comment_status":"closed","ping_status":"closed","template":"","meta":{"ngg_post_thumbnail":0},"_links":{"self":[{"href":"http:\/\/www.vancouver-nights.de\/vcn-gala\/index.php?rest_route=\/wp\/v2\/pages\/129"}],"collection":[{"href":"http:\/\/www.vancouver-nights.de\/vcn-gala\/index.php?rest_route=\/wp\/v2\/pages"}],"about":[{"href":"http:\/\/www.vancouver-nights.de\/vcn-gala\/index.php?rest_route=\/wp\/v2\/types\/page"}],"author":[{"embeddable":true,"href":"http:\/\/www.vancouver-nights.de\/vcn-gala\/index.php?rest_route=\/wp\/v2\/users\/1"}],"replies":[{"embeddable":true,"href":"http:\/\/www.vancouver-nights.de\/vcn-gala\/index.php?rest_route=%2Fwp%2Fv2%2Fcomments&post=129"}],"version-history":[{"count":8,"href":"http:\/\/www.vancouver-nights.de\/vcn-gala\/index.php?rest_route=\/wp\/v2\/pages\/129\/revisions"}],"predecessor-version":[{"id":1119,"href":"http:\/\/www.vancouver-nights.de\/vcn-gala\/index.php?rest_route=\/wp\/v2\/pages\/129\/revisions\/1119"}],"up":[{"embeddable":true,"href":"http:\/\/www.vancouver-nights.de\/vcn-gala\/index.php?rest_route=\/wp\/v2\/pages\/7"}],"wp:attachment":[{"href":"http:\/\/www.vancouver-nights.de\/vcn-gala\/index.php?rest_route=%2Fwp%2Fv2%2Fmedia&parent=129"}],"curies":[{"name":"wp","href":"https:\/\/api.w.org\/{rel}","templated":true}]}}