{"id":314,"date":"2012-01-03T20:49:16","date_gmt":"2012-01-03T20:49:16","guid":{"rendered":"http:\/\/www.vancouver-nights.de\/vcn-gala\/?page_id=314"},"modified":"2020-04-20T15:32:42","modified_gmt":"2020-04-20T15:32:42","slug":"der-sektempfang","status":"publish","type":"page","link":"http:\/\/www.vancouver-nights.de\/vcn-gala\/?page_id=314","title":{"rendered":"Der Sektempfang"},"content":{"rendered":"\n<div class=\"wp-block-image\"><figure class=\"alignright\"><a href=\"http:\/\/www.vancouver-nights.de\/vcn-gala\/wp-content\/uploads\/2012\/01\/web-sekt-2.jpg\"><img loading=\"lazy\" width=\"300\" height=\"245\" src=\"http:\/\/www.vancouver-nights.de\/vcn-gala\/wp-content\/uploads\/2012\/01\/web-sekt-2-300x245.jpg\" alt=\"\" class=\"wp-image-333\" title=\"Sektempfang\" srcset=\"http:\/\/www.vancouver-nights.de\/vcn-gala\/wp-content\/uploads\/2012\/01\/web-sekt-2-300x245.jpg 300w, http:\/\/www.vancouver-nights.de\/vcn-gala\/wp-content\/uploads\/2012\/01\/web-sekt-2.jpg 600w\" sizes=\"(max-width: 300px) 100vw, 300px\" \/><\/a><\/figure><\/div>\n\n\n\n<p>Der Sektempfang ist f\u00fcr uns der musikalische Start in den Tag und kann je nach Lokalit\u00e4t und Wunsch des Brautpaars vor oder nach der kirchlichen Trauung oder Standesamt durchgef\u00fchrt werden.<\/p>\n\n\n\n<p>Das musikalische Motto des Sektempfangs bei Vancouver Nights hei\u00dft: \u201eBack to Basics\u201c, unaufdringlich, dezent, charmant und (fast) unverst\u00e4rkt. Leichte Percussion statt Schlagzeug, Akkordeon statt Keyboard und akustische Saiteninstrumente geben den Liedern einen ganz besonderen Charakter, auch solchen, die man vielleicht nicht unbedingt beim Sektempfang erwarten w\u00fcrde. <\/p>\n\n\n\n<div class=\"wp-block-image\"><figure class=\"alignleft size-medium\"><a href=\"http:\/\/www.vancouver-nights.de\/vcn-gala\/wp-content\/uploads\/2020\/04\/Web-Sekt.jpg\"><img loading=\"lazy\" width=\"300\" height=\"243\" src=\"http:\/\/www.vancouver-nights.de\/vcn-gala\/wp-content\/uploads\/2020\/04\/Web-Sekt-300x243.jpg\" alt=\"\" class=\"wp-image-1126\" srcset=\"http:\/\/www.vancouver-nights.de\/vcn-gala\/wp-content\/uploads\/2020\/04\/Web-Sekt-300x243.jpg 300w, http:\/\/www.vancouver-nights.de\/vcn-gala\/wp-content\/uploads\/2020\/04\/Web-Sekt-1024x829.jpg 1024w, http:\/\/www.vancouver-nights.de\/vcn-gala\/wp-content\/uploads\/2020\/04\/Web-Sekt-768x622.jpg 768w, http:\/\/www.vancouver-nights.de\/vcn-gala\/wp-content\/uploads\/2020\/04\/Web-Sekt.jpg 1080w\" sizes=\"(max-width: 300px) 100vw, 300px\" \/><\/a><\/figure><\/div>\n\n\n\n<p>Da wir den Sektempfang nahezu unverst\u00e4rkt spielen (je nach Location wird evtl. nur die Bassgitarre minimal verst\u00e4rkt) sind wir sehr flexibel. Somit kann der Sektempfang auch z.B. vor der Kirche, dem Standesamt o.\u00e4. stattfinden.<\/p>\n\n\n\n<p>Wir schaffen somit ein ganz besonderes Ambiente und geben Brautpaar und G\u00e4sten die M\u00f6glichkeit anzukommen, zu gratulieren, zu entspannen oder einfach nur den Kl\u00e4ngen zu lauschen, ohne dass sich die Musik zu sehr in den Vordergrund dr\u00e4ngt. <\/p>\n\n\n\n<div class=\"wp-container-1 wp-block-group\"><div class=\"wp-block-group__inner-container\">\n<p>Eine kleine Auswahl:<\/p>\n\n\n\n<ul><li>Sommer in der Stadt (Spider Murphy Gang)<\/li><li>Something Stupid (Global Kryner)<\/li><li>Dr\u00fcck die Eins (Annett Louisan)<\/li><li>Lambada (Kaoma)<\/li><li>u.v.m.<\/li><\/ul>\n<\/div><\/div>\n\n\n\n<blockquote class=\"wp-block-quote\"><p style=\"text-align: center;\">\u2026Lasst&nbsp;Euch verzaubern\u2026<\/p><\/blockquote>\n","protected":false},"excerpt":{"rendered":"<p>Der Sektempfang ist f\u00fcr uns der musikalische Start in den Tag und kann je nach Lokalit\u00e4t und Wunsch des Brautpaars vor oder nach der kirchlichen Trauung oder Standesamt durchgef\u00fchrt werden. Das musikalische Motto des Sektempfangs bei Vancouver Nights hei\u00dft: \u201eBack to Basics\u201c, unaufdringlich, dezent, charmant und (fast) unverst\u00e4rkt. Leichte Percussion statt Schlagzeug, Akkordeon statt Keyboard &hellip; <\/p>\n<p><a class=\"more-link btn\" href=\"http:\/\/www.vancouver-nights.de\/vcn-gala\/?page_id=314\">Weiterlesen<\/a><\/p>\n","protected":false},"author":1,"featured_media":0,"parent":11,"menu_order":2,"comment_status":"closed","ping_status":"closed","template":"","meta":{"ngg_post_thumbnail":0},"_links":{"self":[{"href":"http:\/\/www.vancouver-nights.de\/vcn-gala\/index.php?rest_route=\/wp\/v2\/pages\/314"}],"collection":[{"href":"http:\/\/www.vancouver-nights.de\/vcn-gala\/index.php?rest_route=\/wp\/v2\/pages"}],"about":[{"href":"http:\/\/www.vancouver-nights.de\/vcn-gala\/index.php?rest_route=\/wp\/v2\/types\/page"}],"author":[{"embeddable":true,"href":"http:\/\/www.vancouver-nights.de\/vcn-gala\/index.php?rest_route=\/wp\/v2\/users\/1"}],"replies":[{"embeddable":true,"href":"http:\/\/www.vancouver-nights.de\/vcn-gala\/index.php?rest_route=%2Fwp%2Fv2%2Fcomments&post=314"}],"version-history":[{"count":13,"href":"http:\/\/www.vancouver-nights.de\/vcn-gala\/index.php?rest_route=\/wp\/v2\/pages\/314\/revisions"}],"predecessor-version":[{"id":1131,"href":"http:\/\/www.vancouver-nights.de\/vcn-gala\/index.php?rest_route=\/wp\/v2\/pages\/314\/revisions\/1131"}],"up":[{"embeddable":true,"href":"http:\/\/www.vancouver-nights.de\/vcn-gala\/index.php?rest_route=\/wp\/v2\/pages\/11"}],"wp:attachment":[{"href":"http:\/\/www.vancouver-nights.de\/vcn-gala\/index.php?rest_route=%2Fwp%2Fv2%2Fmedia&parent=314"}],"curies":[{"name":"wp","href":"https:\/\/api.w.org\/{rel}","templated":true}]}}