{"id":318,"date":"2012-01-03T21:07:55","date_gmt":"2012-01-03T21:07:55","guid":{"rendered":"http:\/\/www.vancouver-nights.de\/vcn-gala\/?page_id=318"},"modified":"2020-04-22T10:35:10","modified_gmt":"2020-04-22T10:35:10","slug":"brautwalzer-tanzrunden","status":"publish","type":"page","link":"http:\/\/www.vancouver-nights.de\/vcn-gala\/?page_id=318","title":{"rendered":"Brautwalzer &#038; Tanzrunden"},"content":{"rendered":"\n<div class=\"wp-block-image\"><figure class=\"alignleft size-medium\"><img loading=\"lazy\" width=\"300\" height=\"243\" src=\"http:\/\/www.vancouver-nights.de\/vcn-gala\/wp-content\/uploads\/2020\/04\/Web-dance-300x243.jpg\" alt=\"\" class=\"wp-image-1133\" srcset=\"http:\/\/www.vancouver-nights.de\/vcn-gala\/wp-content\/uploads\/2020\/04\/Web-dance-300x243.jpg 300w, http:\/\/www.vancouver-nights.de\/vcn-gala\/wp-content\/uploads\/2020\/04\/Web-dance-1024x829.jpg 1024w, http:\/\/www.vancouver-nights.de\/vcn-gala\/wp-content\/uploads\/2020\/04\/Web-dance-768x622.jpg 768w, http:\/\/www.vancouver-nights.de\/vcn-gala\/wp-content\/uploads\/2020\/04\/Web-dance.jpg 1080w\" sizes=\"(max-width: 300px) 100vw, 300px\" \/><\/figure><\/div>\n\n\n\n<p>Der erste Tanz des Abends geh\u00f6rt dem Brautpaar: Wir haben \u2013 neben den klassischen Wiener Brautwalzern wie \u201eAn der blauen Donau\u201c oder \u201eWiener Blut\u201c auch moderne Walzer im Programm, die sich hervorragend auch f\u00fcr weniger ge\u00fcbte Tanzpaare eignen, wie<\/p>\n\n\n\n<ul><li>That\u2019s Amore (Dean Martin)<\/li><li>Que Sera (Doris Day)<\/li><li>Ein Walzer f\u00fcr Dich (Max Raabe)<\/li><li>Falling in Love (Elvis)<\/li><li>u.v.m.<\/li><\/ul>\n\n\n\n<p>Solltet&nbsp;Ihr Euch&nbsp;einen besonderen Brautwalzer w\u00fcnschen, der nicht auf unserer Liste steht, werden wir diesen selbstverst\u00e4ndlich eigens f\u00fcr Euch einstudieren und passen unsere Spielweise (beispielsweise das Tempo) an das K\u00f6nnen des Brautpaars an.<\/p>\n\n\n\n<p>Nach dem Brautwalzer ist die Tanzfl\u00e4che offiziell f\u00fcr alle er\u00f6ffnet. Mit einer gesunden Mischung aus Standards, Oldies, Schlagern aber auch spanischen und lateinamerikanischen Kl\u00e4ngen sowie den Hits aus den letzten Jahrzehnten ist f\u00fcr Jung und Junggebliebene alles dabei. Nat\u00fcrlich haben wir auch einige Standards f\u00fcr Quick- Step, Rumba, Cha-Cha-Cha und Salsa im Programm, unser Motto aber lautet <\/p>\n\n\n\n<p><strong>\u201eTanzprogramm f\u00fcr Jedermann\u201c<\/strong><\/p>\n\n\n\n<ul><li>Fox: It Never Rains in Southern California (Albert Hammond)<\/li><li>Salsa: Sway (Dean Martin)<\/li><li>Rumba: A Night Like This (Caro Emerald)<\/li><li>Jive: Great Balls of Fire (Jerry Lee Lewis)<\/li><li>u.v.m. (Samba, Cha-cha-cha, Quick-Step)<\/li><\/ul>\n\n\n\n<p>Nat\u00fcrlich passen wir die Zusammenstellung der Tanzrunden auf die W\u00fcnsche und das Tanzk\u00f6nnen der Hochzeitsgesellschaft an.<\/p>\n\n\n\n<blockquote class=\"wp-block-quote\"><p style=\"text-align: center;\">\u2026Lasst&nbsp;Euch verf\u00fchren\u2026<\/p><\/blockquote>\n","protected":false},"excerpt":{"rendered":"<p>Der erste Tanz des Abends geh\u00f6rt dem Brautpaar: Wir haben \u2013 neben den klassischen Wiener Brautwalzern wie \u201eAn der blauen Donau\u201c oder \u201eWiener Blut\u201c auch moderne Walzer im Programm, die sich hervorragend auch f\u00fcr weniger ge\u00fcbte Tanzpaare eignen, wie That\u2019s Amore (Dean Martin) Que Sera (Doris Day) Ein Walzer f\u00fcr Dich (Max Raabe) Falling in &hellip; <\/p>\n<p><a class=\"more-link btn\" href=\"http:\/\/www.vancouver-nights.de\/vcn-gala\/?page_id=318\">Weiterlesen<\/a><\/p>\n","protected":false},"author":1,"featured_media":0,"parent":11,"menu_order":3,"comment_status":"closed","ping_status":"closed","template":"","meta":{"ngg_post_thumbnail":0},"_links":{"self":[{"href":"http:\/\/www.vancouver-nights.de\/vcn-gala\/index.php?rest_route=\/wp\/v2\/pages\/318"}],"collection":[{"href":"http:\/\/www.vancouver-nights.de\/vcn-gala\/index.php?rest_route=\/wp\/v2\/pages"}],"about":[{"href":"http:\/\/www.vancouver-nights.de\/vcn-gala\/index.php?rest_route=\/wp\/v2\/types\/page"}],"author":[{"embeddable":true,"href":"http:\/\/www.vancouver-nights.de\/vcn-gala\/index.php?rest_route=\/wp\/v2\/users\/1"}],"replies":[{"embeddable":true,"href":"http:\/\/www.vancouver-nights.de\/vcn-gala\/index.php?rest_route=%2Fwp%2Fv2%2Fcomments&post=318"}],"version-history":[{"count":11,"href":"http:\/\/www.vancouver-nights.de\/vcn-gala\/index.php?rest_route=\/wp\/v2\/pages\/318\/revisions"}],"predecessor-version":[{"id":1154,"href":"http:\/\/www.vancouver-nights.de\/vcn-gala\/index.php?rest_route=\/wp\/v2\/pages\/318\/revisions\/1154"}],"up":[{"embeddable":true,"href":"http:\/\/www.vancouver-nights.de\/vcn-gala\/index.php?rest_route=\/wp\/v2\/pages\/11"}],"wp:attachment":[{"href":"http:\/\/www.vancouver-nights.de\/vcn-gala\/index.php?rest_route=%2Fwp%2Fv2%2Fmedia&parent=318"}],"curies":[{"name":"wp","href":"https:\/\/api.w.org\/{rel}","templated":true}]}}