{"id":323,"date":"2012-01-03T21:20:05","date_gmt":"2012-01-03T21:20:05","guid":{"rendered":"http:\/\/www.vancouver-nights.de\/vcn-gala\/?page_id=323"},"modified":"2020-04-22T10:37:36","modified_gmt":"2020-04-22T10:37:36","slug":"tanzen-party-abschlusstanz","status":"publish","type":"page","link":"http:\/\/www.vancouver-nights.de\/vcn-gala\/?page_id=323","title":{"rendered":"Tanzen, Party &#038; Abschlusstanz"},"content":{"rendered":"\n<div class=\"wp-block-image\"><figure class=\"alignleft\"><a href=\"http:\/\/www.vancouver-nights.de\/vcn-gala\/wp-content\/uploads\/2012\/01\/web-party.jpg\"><img loading=\"lazy\" width=\"300\" height=\"245\" src=\"http:\/\/www.vancouver-nights.de\/vcn-gala\/wp-content\/uploads\/2012\/01\/web-party-300x245.jpg\" alt=\"\" class=\"wp-image-348\" title=\"Party bis zum Schluss\" srcset=\"http:\/\/www.vancouver-nights.de\/vcn-gala\/wp-content\/uploads\/2012\/01\/web-party-300x245.jpg 300w, http:\/\/www.vancouver-nights.de\/vcn-gala\/wp-content\/uploads\/2012\/01\/web-party.jpg 600w\" sizes=\"(max-width: 300px) 100vw, 300px\" \/><\/a><\/figure><\/div>\n\n\n\n<p>Nach Brautverziehen und Abendessen setzen wir die musikalischen Umrahmung Eurer Hochzeit fort. Nach einigen Tanzrunden zum \u201ewarm werden\u201c spielen wir auch weiterhin stimmungsvolle Klassiker der letzten Jahrzehnte und aktuelle Hits zum Mitsingen, Tanzen und Abfeiern.<\/p>\n\n\n\n<p>Auf Wunsch haben wir auch moderne Hardrock-Nummern von AC\/DC, Gotthard oder BonJovi im Repertoire. Nat\u00fcrlich bieten wir f\u00fcr verschiedene Spiele, die sich die G\u00e4ste f\u00fcr das Brautpaar einfallen lassen, gerne auch die musikalische Begleitung, wie z.B. f\u00fcr \u201eReise nach Jerusalem\u201c. Wir sind f\u00fcr alle Schandtaten zu haben!<\/p>\n\n\n\n<p>Das Brautpaar l\u00e4utet mit dem Abschlusstanz das Ende der Feier und den Start in eine gemeinsame Zukunft ein. F\u00fcr diesen Tanz koordinieren wir zusammen mit der Hochzeitsgesellschaft das Ambiente, z.B. ein Kreis aus Wunderkerzen. Als letztes Lied haben wir besondere romantische Lieder im Programm:<\/p>\n\n\n\n<ul><li>Bergwerk (Rainhard Fendrich), der \u201eKlassiker\u201c<\/li><li>G\u00f6 Du bleibst (STS)<\/li><li>Unchained Melody (Righteous Brothers)<\/li><li>So Liab Hobi Di (Andreas Gabalier)<\/li><li>u.v.m.<\/li><\/ul>\n\n\n\n<p>Solltet Ihr Euch ein Lied w\u00fcnschen, was nicht auf unserer Liste steht: Kein Problem! Geht nicht, gibt\u2019s nicht! Selbstverst\u00e4ndlich spielen wir das Brautpaar auf Wunsch nach dem letzten Tanz und unserer Verabschiedung nach drau\u00dfen oder helfen beim Spalieraufstellen.<\/p>\n\n\n\n<blockquote class=\"wp-block-quote\"><p style=\"text-align: center;\">\u2026Lasst&nbsp;Euch begeistern\u2026<\/p><\/blockquote>\n","protected":false},"excerpt":{"rendered":"<p>Nach Brautverziehen und Abendessen setzen wir die musikalischen Umrahmung Eurer Hochzeit fort. Nach einigen Tanzrunden zum \u201ewarm werden\u201c spielen wir auch weiterhin stimmungsvolle Klassiker der letzten Jahrzehnte und aktuelle Hits zum Mitsingen, Tanzen und Abfeiern. Auf Wunsch haben wir auch moderne Hardrock-Nummern von AC\/DC, Gotthard oder BonJovi im Repertoire. Nat\u00fcrlich bieten wir f\u00fcr verschiedene Spiele, &hellip; <\/p>\n<p><a class=\"more-link btn\" href=\"http:\/\/www.vancouver-nights.de\/vcn-gala\/?page_id=323\">Weiterlesen<\/a><\/p>\n","protected":false},"author":1,"featured_media":0,"parent":11,"menu_order":5,"comment_status":"closed","ping_status":"closed","template":"","meta":{"ngg_post_thumbnail":0},"_links":{"self":[{"href":"http:\/\/www.vancouver-nights.de\/vcn-gala\/index.php?rest_route=\/wp\/v2\/pages\/323"}],"collection":[{"href":"http:\/\/www.vancouver-nights.de\/vcn-gala\/index.php?rest_route=\/wp\/v2\/pages"}],"about":[{"href":"http:\/\/www.vancouver-nights.de\/vcn-gala\/index.php?rest_route=\/wp\/v2\/types\/page"}],"author":[{"embeddable":true,"href":"http:\/\/www.vancouver-nights.de\/vcn-gala\/index.php?rest_route=\/wp\/v2\/users\/1"}],"replies":[{"embeddable":true,"href":"http:\/\/www.vancouver-nights.de\/vcn-gala\/index.php?rest_route=%2Fwp%2Fv2%2Fcomments&post=323"}],"version-history":[{"count":8,"href":"http:\/\/www.vancouver-nights.de\/vcn-gala\/index.php?rest_route=\/wp\/v2\/pages\/323\/revisions"}],"predecessor-version":[{"id":1156,"href":"http:\/\/www.vancouver-nights.de\/vcn-gala\/index.php?rest_route=\/wp\/v2\/pages\/323\/revisions\/1156"}],"up":[{"embeddable":true,"href":"http:\/\/www.vancouver-nights.de\/vcn-gala\/index.php?rest_route=\/wp\/v2\/pages\/11"}],"wp:attachment":[{"href":"http:\/\/www.vancouver-nights.de\/vcn-gala\/index.php?rest_route=%2Fwp%2Fv2%2Fmedia&parent=323"}],"curies":[{"name":"wp","href":"https:\/\/api.w.org\/{rel}","templated":true}]}}