{"id":325,"date":"2012-01-03T21:25:30","date_gmt":"2012-01-03T21:25:30","guid":{"rendered":"http:\/\/www.vancouver-nights.de\/vcn-gala\/?page_id=325"},"modified":"2020-04-22T10:38:41","modified_gmt":"2020-04-22T10:38:41","slug":"weitere-leistungen","status":"publish","type":"page","link":"http:\/\/www.vancouver-nights.de\/vcn-gala\/?page_id=325","title":{"rendered":"Weitere Leistungen"},"content":{"rendered":"\n<h3>Das Vorbereitungsgespr\u00e4ch<\/h3>\n\n\n\n<div class=\"wp-block-image\"><figure class=\"alignleft size-medium\"><a href=\"http:\/\/www.vancouver-nights.de\/vcn-gala\/wp-content\/uploads\/2020\/04\/Web-Aufbau1.jpg\"><img loading=\"lazy\" width=\"300\" height=\"243\" src=\"http:\/\/www.vancouver-nights.de\/vcn-gala\/wp-content\/uploads\/2020\/04\/Web-Aufbau1-300x243.jpg\" alt=\"\" class=\"wp-image-1140\" title=\"web-unterwegs\" srcset=\"http:\/\/www.vancouver-nights.de\/vcn-gala\/wp-content\/uploads\/2020\/04\/Web-Aufbau1-300x243.jpg 300w, http:\/\/www.vancouver-nights.de\/vcn-gala\/wp-content\/uploads\/2020\/04\/Web-Aufbau1-1024x829.jpg 1024w, http:\/\/www.vancouver-nights.de\/vcn-gala\/wp-content\/uploads\/2020\/04\/Web-Aufbau1-768x622.jpg 768w, http:\/\/www.vancouver-nights.de\/vcn-gala\/wp-content\/uploads\/2020\/04\/Web-Aufbau1.jpg 1080w\" sizes=\"(max-width: 300px) 100vw, 300px\" \/><\/a><\/figure><\/div>\n\n\n\n<p>In unseren Angeboten ist ein f\u00fcr das Brautpaar kostenloses Beratungs- und Vorbereitungsgespr\u00e4ch enthalten. Das bedeutet dass ca. 1 \u2013 2 Monate vor der Hochzeit einer unserer Musiker bei Euch vor Ort vorbeikommt und Details wie Garderobe der Musiker, organisatorischer Ablauf, besondere W\u00fcnsche usw. bespricht. Bei dieser Gelegenheit schauen wir uns dann auch gerne die Lokalit\u00e4t an, um unsere technische Ausstattung perfekt auf die \u00f6rtlichen Gegebenheiten anzupassen.<\/p>\n\n\n\n<p>Selbstverst\u00e4ndlich sind wir f\u00fcr alle Eure W\u00fcnsche offen und stehen auch f\u00fcr organisatorische Fragen mit unserer langj\u00e4hrigen Erfahrung gerne zur Verf\u00fcgung.<\/p>\n\n\n\n<p>Nachfolgend eine Liste zus\u00e4tzlicher Leistungen durch uns, der Umfang unserer M\u00f6glichkeiten ist jedoch nicht durch diese Liste beschr\u00e4nkt, denn:<\/p>\n\n\n\n<blockquote class=\"wp-block-quote\"><p style=\"text-align: center;\">Geht nicht \u2013 gibt\u2019s nicht!<\/p><\/blockquote>\n\n\n\n<ul><li>Musikalische Begleitung des Hochzeitszugs zur Kirche oder Standesamt inkl. Organisation der Aufstellung<\/li><li>Zweisprachige Moderation (deutsch\/englisch) bei internationalen Hochzeiten<\/li><li>Untermalung der Trauung mit S\u00e4ngerin &amp; Akustikgitarre und\/oder Klavier<\/li><li>Vermittlung eines Hochzeitsfotographen und weiterer Dienstleister<\/li><li>u.v.m.<\/li><\/ul>\n\n\n\n<div class=\"wp-block-image\"><figure class=\"alignright size-medium\"><img loading=\"lazy\" width=\"300\" height=\"243\" src=\"http:\/\/www.vancouver-nights.de\/vcn-gala\/wp-content\/uploads\/2020\/04\/Web-Aufbau2-300x243.jpg\" alt=\"\" class=\"wp-image-1141\" srcset=\"http:\/\/www.vancouver-nights.de\/vcn-gala\/wp-content\/uploads\/2020\/04\/Web-Aufbau2-300x243.jpg 300w, http:\/\/www.vancouver-nights.de\/vcn-gala\/wp-content\/uploads\/2020\/04\/Web-Aufbau2-1024x829.jpg 1024w, http:\/\/www.vancouver-nights.de\/vcn-gala\/wp-content\/uploads\/2020\/04\/Web-Aufbau2-768x622.jpg 768w, http:\/\/www.vancouver-nights.de\/vcn-gala\/wp-content\/uploads\/2020\/04\/Web-Aufbau2.jpg 1080w\" sizes=\"(max-width: 300px) 100vw, 300px\" \/><\/figure><\/div>\n\n\n\n<p>Haben wir Euer Interesse geweckt? Dann lasst&nbsp;Euch noch heute ein unverbindliches Angebot machen!<\/p>\n\n\n\n<blockquote class=\"wp-block-quote\"><p style=\"text-align: center;\">\u2026Lasst&nbsp;Euch&nbsp;faszinieren\u2026<\/p><\/blockquote>\n","protected":false},"excerpt":{"rendered":"<p>Das Vorbereitungsgespr\u00e4ch In unseren Angeboten ist ein f\u00fcr das Brautpaar kostenloses Beratungs- und Vorbereitungsgespr\u00e4ch enthalten. Das bedeutet dass ca. 1 \u2013 2 Monate vor der Hochzeit einer unserer Musiker bei Euch vor Ort vorbeikommt und Details wie Garderobe der Musiker, organisatorischer Ablauf, besondere W\u00fcnsche usw. bespricht. Bei dieser Gelegenheit schauen wir uns dann auch gerne &hellip; <\/p>\n<p><a class=\"more-link btn\" href=\"http:\/\/www.vancouver-nights.de\/vcn-gala\/?page_id=325\">Weiterlesen<\/a><\/p>\n","protected":false},"author":1,"featured_media":0,"parent":11,"menu_order":6,"comment_status":"closed","ping_status":"closed","template":"","meta":{"ngg_post_thumbnail":0},"_links":{"self":[{"href":"http:\/\/www.vancouver-nights.de\/vcn-gala\/index.php?rest_route=\/wp\/v2\/pages\/325"}],"collection":[{"href":"http:\/\/www.vancouver-nights.de\/vcn-gala\/index.php?rest_route=\/wp\/v2\/pages"}],"about":[{"href":"http:\/\/www.vancouver-nights.de\/vcn-gala\/index.php?rest_route=\/wp\/v2\/types\/page"}],"author":[{"embeddable":true,"href":"http:\/\/www.vancouver-nights.de\/vcn-gala\/index.php?rest_route=\/wp\/v2\/users\/1"}],"replies":[{"embeddable":true,"href":"http:\/\/www.vancouver-nights.de\/vcn-gala\/index.php?rest_route=%2Fwp%2Fv2%2Fcomments&post=325"}],"version-history":[{"count":10,"href":"http:\/\/www.vancouver-nights.de\/vcn-gala\/index.php?rest_route=\/wp\/v2\/pages\/325\/revisions"}],"predecessor-version":[{"id":1157,"href":"http:\/\/www.vancouver-nights.de\/vcn-gala\/index.php?rest_route=\/wp\/v2\/pages\/325\/revisions\/1157"}],"up":[{"embeddable":true,"href":"http:\/\/www.vancouver-nights.de\/vcn-gala\/index.php?rest_route=\/wp\/v2\/pages\/11"}],"wp:attachment":[{"href":"http:\/\/www.vancouver-nights.de\/vcn-gala\/index.php?rest_route=%2Fwp%2Fv2%2Fmedia&parent=325"}],"curies":[{"name":"wp","href":"https:\/\/api.w.org\/{rel}","templated":true}]}}