{"id":369,"date":"2012-01-15T11:32:52","date_gmt":"2012-01-15T11:32:52","guid":{"rendered":"http:\/\/www.vancouver-nights.de\/vcn-gala\/?page_id=369"},"modified":"2016-08-24T07:16:29","modified_gmt":"2016-08-24T07:16:29","slug":"horproben","status":"publish","type":"page","link":"http:\/\/www.vancouver-nights.de\/vcn-gala\/?page_id=369","title":{"rendered":"H\u00f6rproben &#038; mehr"},"content":{"rendered":"<p>Aus rechtlichen Gr\u00fcnden (GEMA usw.) stellen wir keine H\u00f6rproben im \u00f6ffentlichen Bereich online.<\/p>\n<p>F\u00fcr unsere &#8222;H\u00f6rproben und mehr&#8220; haben wir einen geschlossenen Bereich eingerichtet. Einfach das dazugeh\u00f6rige Passwort bei uns anfordern! Eine kurze eMail an <strong>info(at)vancouver-nights.de<\/strong> gen\u00fcgt!<\/p>\n<p>Dar\u00fcberhinaus findet Ihr unter folgenden Punkten noch weiterf\u00fchrende Informationen:<\/p>\n<ul>\n<li>Gesamtprogramm (Stand Sommer 2016)<\/li>\n<li>Liedervorschl\u00e4ge f\u00fcr die Kirche<\/li>\n<\/ul>\n","protected":false},"excerpt":{"rendered":"<p>Aus rechtlichen Gr\u00fcnden (GEMA usw.) stellen wir keine H\u00f6rproben im \u00f6ffentlichen Bereich online. F\u00fcr unsere &#8222;H\u00f6rproben und mehr&#8220; haben wir einen geschlossenen Bereich eingerichtet. Einfach das dazugeh\u00f6rige Passwort bei uns anfordern! Eine kurze eMail an info(at)vancouver-nights.de gen\u00fcgt! Dar\u00fcberhinaus findet Ihr unter folgenden Punkten noch weiterf\u00fchrende Informationen: Gesamtprogramm (Stand Sommer 2016) Liedervorschl\u00e4ge f\u00fcr die Kirche<\/p>\n","protected":false},"author":1,"featured_media":0,"parent":11,"menu_order":8,"comment_status":"closed","ping_status":"closed","template":"","meta":{"ngg_post_thumbnail":0},"_links":{"self":[{"href":"http:\/\/www.vancouver-nights.de\/vcn-gala\/index.php?rest_route=\/wp\/v2\/pages\/369"}],"collection":[{"href":"http:\/\/www.vancouver-nights.de\/vcn-gala\/index.php?rest_route=\/wp\/v2\/pages"}],"about":[{"href":"http:\/\/www.vancouver-nights.de\/vcn-gala\/index.php?rest_route=\/wp\/v2\/types\/page"}],"author":[{"embeddable":true,"href":"http:\/\/www.vancouver-nights.de\/vcn-gala\/index.php?rest_route=\/wp\/v2\/users\/1"}],"replies":[{"embeddable":true,"href":"http:\/\/www.vancouver-nights.de\/vcn-gala\/index.php?rest_route=%2Fwp%2Fv2%2Fcomments&post=369"}],"version-history":[{"count":8,"href":"http:\/\/www.vancouver-nights.de\/vcn-gala\/index.php?rest_route=\/wp\/v2\/pages\/369\/revisions"}],"predecessor-version":[{"id":557,"href":"http:\/\/www.vancouver-nights.de\/vcn-gala\/index.php?rest_route=\/wp\/v2\/pages\/369\/revisions\/557"}],"up":[{"embeddable":true,"href":"http:\/\/www.vancouver-nights.de\/vcn-gala\/index.php?rest_route=\/wp\/v2\/pages\/11"}],"wp:attachment":[{"href":"http:\/\/www.vancouver-nights.de\/vcn-gala\/index.php?rest_route=%2Fwp%2Fv2%2Fmedia&parent=369"}],"curies":[{"name":"wp","href":"https:\/\/api.w.org\/{rel}","templated":true}]}}