{"id":9,"date":"2010-11-12T15:23:07","date_gmt":"2010-11-12T14:23:07","guid":{"rendered":"http:\/\/www.vancouver-nights.de\/?page_id=9"},"modified":"2020-04-20T15:55:20","modified_gmt":"2020-04-20T15:55:20","slug":"galas-firmenevents","status":"publish","type":"page","link":"http:\/\/www.vancouver-nights.de\/vcn-gala\/?page_id=9","title":{"rendered":"Galas &#038; Events"},"content":{"rendered":"\n<div class=\"wp-block-image\"><figure class=\"alignleft size-medium\"><a href=\"http:\/\/www.vancouver-nights.de\/vcn-gala\/wp-content\/uploads\/2020\/04\/Web-Party4.jpg\"><img loading=\"lazy\" width=\"300\" height=\"243\" src=\"http:\/\/www.vancouver-nights.de\/vcn-gala\/wp-content\/uploads\/2020\/04\/Web-Party4-300x243.jpg\" alt=\"\" class=\"wp-image-1143\" title=\"Galaveranstaltung 2009\" srcset=\"http:\/\/www.vancouver-nights.de\/vcn-gala\/wp-content\/uploads\/2020\/04\/Web-Party4-300x243.jpg 300w, http:\/\/www.vancouver-nights.de\/vcn-gala\/wp-content\/uploads\/2020\/04\/Web-Party4-1024x829.jpg 1024w, http:\/\/www.vancouver-nights.de\/vcn-gala\/wp-content\/uploads\/2020\/04\/Web-Party4-768x622.jpg 768w, http:\/\/www.vancouver-nights.de\/vcn-gala\/wp-content\/uploads\/2020\/04\/Web-Party4.jpg 1080w\" sizes=\"(max-width: 300px) 100vw, 300px\" \/><\/a><\/figure><\/div>\n\n\n\n<p>Ob Sylvester- oder Faschingsball, Schulabschluss, Firmenjubil\u00e4um oder Weihnachtsfeier. <strong>Eine gelungene Veranstaltung beginnt mit der richtigen Musik<\/strong>.<\/p>\n\n\n\n<p>Aufgrund unseres \u00fcberaus<strong> flexiblen Programms<\/strong> sind wir DIE Combo f\u00fcr alle Gelegenheiten. <strong>Tanzprogramm f\u00fcr jedermann, stilvolle Unplugged-Musik oder stimmungsvolle Partyhits<\/strong>, wir haben f\u00fcr jede Altersklasse etwas im Gep\u00e4ck. Selbstverst\u00e4ndlich stimmen wir uns fr\u00fchzeitig mit ihnen ab, um unser Programm ihren W\u00fcnschen anzupassen.<\/p>\n\n\n\n<p>Egal ob Festsaal, Gaststube, Bergh\u00fctte, Laufstall, F\u00e4hrschiff oder Biergarten, <strong>wir sind f\u00fcr jede Location ger\u00fcstet<\/strong>. Dar\u00fcberhinaus stehen wir jederzeit bei Planung und Durchf\u00fchrung als <strong>kompetenter Ansprechpartner<\/strong> zur Verf\u00fcgung. <strong>Ein Preis, keine versteckten Extrakosten<\/strong>: Sie erhalten von uns ein speziell auf Sie zugeschnittenes Komplettangebot, inkl. aller ben\u00f6tigten Komponenten.<\/p>\n\n\n\n<div class=\"wp-block-image\"><figure class=\"alignright size-medium\"><a href=\"http:\/\/www.vancouver-nights.de\/vcn-gala\/wp-content\/uploads\/2020\/04\/Web-Party.jpg\"><img loading=\"lazy\" width=\"300\" height=\"243\" src=\"http:\/\/www.vancouver-nights.de\/vcn-gala\/wp-content\/uploads\/2020\/04\/Web-Party-300x243.jpg\" alt=\"\" class=\"wp-image-1144\" title=\"Unsere Carmen live\" srcset=\"http:\/\/www.vancouver-nights.de\/vcn-gala\/wp-content\/uploads\/2020\/04\/Web-Party-300x243.jpg 300w, http:\/\/www.vancouver-nights.de\/vcn-gala\/wp-content\/uploads\/2020\/04\/Web-Party-1024x829.jpg 1024w, http:\/\/www.vancouver-nights.de\/vcn-gala\/wp-content\/uploads\/2020\/04\/Web-Party-768x622.jpg 768w, http:\/\/www.vancouver-nights.de\/vcn-gala\/wp-content\/uploads\/2020\/04\/Web-Party.jpg 1080w\" sizes=\"(max-width: 300px) 100vw, 300px\" \/><\/a><\/figure><\/div>\n\n\n\n<p><strong>Alles aus einer Hand!<\/strong> Unsere technische Ausstattung beziehen wir bereits schon mehrere Jahre von einem Verleih, der es uns erm\u00f6glicht, f\u00fcr jede Veranstaltung den richtigen B\u00fchnenaufbau zu stellen. Sie als Veranstalter brauchen nur eine B\u00fchne, den Stormanschluss und die \u00fcbliche Verpflegung zu stellen. Unterst\u00fctzt von modernster Licht- und Beschallungstechnik verwandeln wir jede Location in eine Partyzone. Mit unserem erfahrenen und eingespielten Technikerteam sind wir stets bem\u00fcht, einen reibungslosen Ablauf vor, w\u00e4hrend, und nach Ihrer Veranstaltung zu gew\u00e4hrleisten.<\/p>\n\n\n\n<div class=\"wp-block-image\"><figure class=\"alignleft size-medium\"><a href=\"http:\/\/www.vancouver-nights.de\/vcn-gala\/wp-content\/uploads\/2020\/04\/Web-Sebi3.jpg\"><img loading=\"lazy\" width=\"300\" height=\"243\" src=\"http:\/\/www.vancouver-nights.de\/vcn-gala\/wp-content\/uploads\/2020\/04\/Web-Sebi3-300x243.jpg\" alt=\"\" class=\"wp-image-1145\" title=\"Beste Unterhaltung!\" srcset=\"http:\/\/www.vancouver-nights.de\/vcn-gala\/wp-content\/uploads\/2020\/04\/Web-Sebi3-300x243.jpg 300w, http:\/\/www.vancouver-nights.de\/vcn-gala\/wp-content\/uploads\/2020\/04\/Web-Sebi3-1024x829.jpg 1024w, http:\/\/www.vancouver-nights.de\/vcn-gala\/wp-content\/uploads\/2020\/04\/Web-Sebi3-768x622.jpg 768w, http:\/\/www.vancouver-nights.de\/vcn-gala\/wp-content\/uploads\/2020\/04\/Web-Sebi3.jpg 1080w\" sizes=\"(max-width: 300px) 100vw, 300px\" \/><\/a><\/figure><\/div>\n\n\n\n<p>\u00dcberzeugen Sie sich selbst! Fordern Sie noch heute Ihr unverbindliches Angebot an!<\/p>\n","protected":false},"excerpt":{"rendered":"<p>Ob Sylvester- oder Faschingsball, Schulabschluss, Firmenjubil\u00e4um oder Weihnachtsfeier. Eine gelungene Veranstaltung beginnt mit der richtigen Musik. Aufgrund unseres \u00fcberaus flexiblen Programms sind wir DIE Combo f\u00fcr alle Gelegenheiten. Tanzprogramm f\u00fcr jedermann, stilvolle Unplugged-Musik oder stimmungsvolle Partyhits, wir haben f\u00fcr jede Altersklasse etwas im Gep\u00e4ck. Selbstverst\u00e4ndlich stimmen wir uns fr\u00fchzeitig mit ihnen ab, um unser Programm &hellip; <\/p>\n<p><a class=\"more-link btn\" href=\"http:\/\/www.vancouver-nights.de\/vcn-gala\/?page_id=9\">Weiterlesen<\/a><\/p>\n","protected":false},"author":1,"featured_media":0,"parent":0,"menu_order":4,"comment_status":"closed","ping_status":"closed","template":"","meta":{"ngg_post_thumbnail":0},"_links":{"self":[{"href":"http:\/\/www.vancouver-nights.de\/vcn-gala\/index.php?rest_route=\/wp\/v2\/pages\/9"}],"collection":[{"href":"http:\/\/www.vancouver-nights.de\/vcn-gala\/index.php?rest_route=\/wp\/v2\/pages"}],"about":[{"href":"http:\/\/www.vancouver-nights.de\/vcn-gala\/index.php?rest_route=\/wp\/v2\/types\/page"}],"author":[{"embeddable":true,"href":"http:\/\/www.vancouver-nights.de\/vcn-gala\/index.php?rest_route=\/wp\/v2\/users\/1"}],"replies":[{"embeddable":true,"href":"http:\/\/www.vancouver-nights.de\/vcn-gala\/index.php?rest_route=%2Fwp%2Fv2%2Fcomments&post=9"}],"version-history":[{"count":6,"href":"http:\/\/www.vancouver-nights.de\/vcn-gala\/index.php?rest_route=\/wp\/v2\/pages\/9\/revisions"}],"predecessor-version":[{"id":1146,"href":"http:\/\/www.vancouver-nights.de\/vcn-gala\/index.php?rest_route=\/wp\/v2\/pages\/9\/revisions\/1146"}],"wp:attachment":[{"href":"http:\/\/www.vancouver-nights.de\/vcn-gala\/index.php?rest_route=%2Fwp%2Fv2%2Fmedia&parent=9"}],"curies":[{"name":"wp","href":"https:\/\/api.w.org\/{rel}","templated":true}]}}